{"id":7,"date":"2023-01-07T12:41:54","date_gmt":"2023-01-07T12:41:54","guid":{"rendered":"https:\/\/christelijketrouwambtenaar.nl\/?page_id=7"},"modified":"2023-02-11T16:14:45","modified_gmt":"2023-02-11T16:14:45","slug":"about","status":"publish","type":"page","link":"https:\/\/christelijketrouwambtenaar.nl\/index.php\/about\/","title":{"rendered":"Werkwijze"},"content":{"rendered":"\n<p><strong>Werkwijze<\/strong><br><br>Ik hanteer graag een persoonlijke werkwijze waarbij er veel aandacht is voor jullie als (aanstaand) bruidspaar. Daarbij werk ik met de volgende 10 stappen:<\/p>\n\n\n\n<ol class=\"wp-block-list\">\n<li>Vrijblijvende kennismaking via telefoon of teams, hierbij beantwoord ik jullie vragen en kijken we of er een klik is;<\/li>\n\n\n\n<li>We kijken samen wat de mogelijkheden en regels zijn voor een eigen trouwambtenaar in de gemeente waar jullie trouwen*; <\/li>\n\n\n\n<li>Samen kijken we naar jullie wensen en komen we een prijs overeen; <\/li>\n\n\n\n<li>Vier tot zes weken voor de bruiloft spreken af op een locatie waar jullie je op je gemak voelen en in ca. 1-2 uur tijd stel ik op een ontspannen manier vragen en vertellen jullie je liefdesverhaal;<\/li>\n\n\n\n<li>Er is aandacht voor jullie speciale wensen zoals het uitspreken van een persoonlijke trouwbelofte, bijzondere momenten bij het brengen van de ringen of het tekenen van een kinderakte;<\/li>\n\n\n\n<li>Als jullie het leuk vinden, vraag ik bij familie en\/of vrienden nog wat meer informatie over jullie op, zodat de speech n\u00f3g persoonlijker wordt;<\/li>\n\n\n\n<li>Bovengenoemde informatie verwerk ik geheel op maat tot een unieke, warme en humoristische speech;<\/li>\n\n\n\n<li>Een week voor jullie grote dag bellen we even om de laatste zaken te bespreken en de puntjes op de i te zetten;<\/li>\n\n\n\n<li>Op jullie grote dag ben ik op tijd aanwezig en indien gewenst verschijn ik in toga. Op een leuke, prikkelende manier geef ik een maatwerk speech, waarbij jullie als bruidspaar centraal staan en jullie liefde voor elkaar op een leuke manier verteld wordt;<\/li>\n\n\n\n<li>Indien gewenst kunnen jullie de speech op papier of in de vorm van een boekje ontvangen. <\/li>\n<\/ol>\n\n\n\n<p><\/p>\n\n\n\n<p>* <em>Als zelfstandig trouwambtenaar ben ik niet in dienst bij een gemeente. Elke gemeente heeft eigen mogelijkheden en regels rondom het benoemen van een BABS (Buitengewoon Ambtenaar van de Burgerlijke Stand) voor \u00e9\u00e9n dag. Het is belangrijk om tijdig hiernaar te informeren en hiermee aan de slag te gaan (gemiddeld vier maanden v\u00f3\u00f3r de huwelijksdag)<\/em>. Het benoemen van een BABS voor \u00e9\u00e9n dag kan ook extra kosten met zich meebrengen bij de gemeente. Dit verschilt per gemeente.<\/p>\n\n\n\n<figure class=\"wp-block-image size-large\"><img loading=\"lazy\" decoding=\"async\" width=\"1024\" height=\"683\" src=\"https:\/\/christelijketrouwambtenaar.nl\/wp-content\/uploads\/2023\/01\/2018-11-09-Marlinda-Ronald-afdrukkwaliteit-483-1-1024x683.jpg\" alt=\"\" class=\"wp-image-148\" srcset=\"https:\/\/christelijketrouwambtenaar.nl\/wp-content\/uploads\/2023\/01\/2018-11-09-Marlinda-Ronald-afdrukkwaliteit-483-1-1024x683.jpg 1024w, https:\/\/christelijketrouwambtenaar.nl\/wp-content\/uploads\/2023\/01\/2018-11-09-Marlinda-Ronald-afdrukkwaliteit-483-1-300x200.jpg 300w, https:\/\/christelijketrouwambtenaar.nl\/wp-content\/uploads\/2023\/01\/2018-11-09-Marlinda-Ronald-afdrukkwaliteit-483-1-768x512.jpg 768w, https:\/\/christelijketrouwambtenaar.nl\/wp-content\/uploads\/2023\/01\/2018-11-09-Marlinda-Ronald-afdrukkwaliteit-483-1-1536x1024.jpg 1536w, https:\/\/christelijketrouwambtenaar.nl\/wp-content\/uploads\/2023\/01\/2018-11-09-Marlinda-Ronald-afdrukkwaliteit-483-1-2048x1365.jpg 2048w\" sizes=\"auto, (max-width: 1024px) 100vw, 1024px\" \/><\/figure>\n","protected":false},"excerpt":{"rendered":"<p>Werkwijze Ik hanteer graag een persoonlijke werkwijze waarbij er veel aandacht is voor jullie als (aanstaand) bruidspaar. Daarbij werk ik met de volgende 10 stappen: * Als zelfstandig trouwambtenaar ben ik niet in dienst bij een gemeente. Elke gemeente heeft eigen mogelijkheden en regels rondom het benoemen van een BABS (Buitengewoon Ambtenaar van de Burgerlijke [&hellip;]<\/p>\n","protected":false},"author":1,"featured_media":0,"parent":0,"menu_order":0,"comment_status":"closed","ping_status":"closed","template":"templates\/right-sidebar.php","meta":{"footnotes":""},"class_list":["post-7","page","type-page","status-publish","hentry"],"_links":{"self":[{"href":"https:\/\/christelijketrouwambtenaar.nl\/index.php\/wp-json\/wp\/v2\/pages\/7","targetHints":{"allow":["GET"]}}],"collection":[{"href":"https:\/\/christelijketrouwambtenaar.nl\/index.php\/wp-json\/wp\/v2\/pages"}],"about":[{"href":"https:\/\/christelijketrouwambtenaar.nl\/index.php\/wp-json\/wp\/v2\/types\/page"}],"author":[{"embeddable":true,"href":"https:\/\/christelijketrouwambtenaar.nl\/index.php\/wp-json\/wp\/v2\/users\/1"}],"replies":[{"embeddable":true,"href":"https:\/\/christelijketrouwambtenaar.nl\/index.php\/wp-json\/wp\/v2\/comments?post=7"}],"version-history":[{"count":20,"href":"https:\/\/christelijketrouwambtenaar.nl\/index.php\/wp-json\/wp\/v2\/pages\/7\/revisions"}],"predecessor-version":[{"id":353,"href":"https:\/\/christelijketrouwambtenaar.nl\/index.php\/wp-json\/wp\/v2\/pages\/7\/revisions\/353"}],"wp:attachment":[{"href":"https:\/\/christelijketrouwambtenaar.nl\/index.php\/wp-json\/wp\/v2\/media?parent=7"}],"curies":[{"name":"wp","href":"https:\/\/api.w.org\/{rel}","templated":true}]}}